{"id":66,"date":"2013-07-22T00:23:11","date_gmt":"2013-07-21T22:23:11","guid":{"rendered":"http:\/\/www.keinblatt.de\/blog\/?page_id=66"},"modified":"2025-04-04T11:53:50","modified_gmt":"2025-04-04T09:53:50","slug":"unterstutzen","status":"publish","type":"page","link":"https:\/\/www.keinblatt.de\/blog\/unterstutzen\/","title":{"rendered":"Unterst\u00fctzen"},"content":{"rendered":"<p>Strom und Brezen werden immer teurer. Da der Autor unter dieser Entwicklung leidet, stellt sich die dr\u00e4ngende Frage, wie Sie keinblatt.de finanziell unterst\u00fctzen k\u00f6nnen.<\/p>\n<p>1. <strong>Teilen Sie Links zu keinblatt.de-Artikeln auf Ihren Social-media-Kan\u00e4len oder auf Ihren Webseiten. Das hilft, die Seite bekannter zu machen<\/strong>.<\/p>\n<p><img loading=\"lazy\" decoding=\"async\" class=\"size-full wp-image-3501\" src=\"https:\/\/www.keinblatt.de\/blog\/wp-content\/uploads\/2020\/04\/92114360_2802183916526200_7947028432179691520_n.png\" alt=\"Headergrafik\" width=\"820\" height=\"312\" srcset=\"https:\/\/www.keinblatt.de\/blog\/wp-content\/uploads\/2020\/04\/92114360_2802183916526200_7947028432179691520_n.png 820w, https:\/\/www.keinblatt.de\/blog\/wp-content\/uploads\/2020\/04\/92114360_2802183916526200_7947028432179691520_n-300x114.png 300w, https:\/\/www.keinblatt.de\/blog\/wp-content\/uploads\/2020\/04\/92114360_2802183916526200_7947028432179691520_n-768x292.png 768w\" sizes=\"auto, (max-width: 820px) 100vw, 820px\" \/><\/p>\n<p>2. <strong>Beauftragen Sie mich f\u00fcr Ihre Texte!<\/strong> Ich schreibe f\u00fcr Sie Anzeigentexte, Artikel, Anleitungen, Handb\u00fccher, Newsletter und wenn es sein muss, auch eine zweite Bibel. Auch \u00fcbernehme ich Lektorat und Korrektorat. Fragen Sie einfach nach, wenn Sie etwas ben\u00f6tigen! E-Mail schreiben:<a href=\"mailto:ti@thomas-irlbeck.de\"> \u2192 Hier klicken<\/a><\/p>\n","protected":false},"excerpt":{"rendered":"<p>Strom und Brezen werden immer teurer. Da der Autor unter dieser Entwicklung leidet, stellt sich die dr\u00e4ngende Frage, wie Sie keinblatt.de finanziell unterst\u00fctzen k\u00f6nnen. 1. Teilen Sie Links zu keinblatt.de-Artikeln auf Ihren Social-media-Kan\u00e4len oder auf Ihren Webseiten. Das hilft, die Seite bekannter zu machen. 2. Beauftragen Sie mich f\u00fcr Ihre Texte! Ich schreibe f\u00fcr Sie [&hellip;]<\/p>\n","protected":false},"author":1,"featured_media":0,"parent":0,"menu_order":2,"comment_status":"open","ping_status":"open","template":"","meta":{"footnotes":""},"class_list":["post-66","page","type-page","status-publish","hentry"],"_links":{"self":[{"href":"https:\/\/www.keinblatt.de\/blog\/wp-json\/wp\/v2\/pages\/66","targetHints":{"allow":["GET"]}}],"collection":[{"href":"https:\/\/www.keinblatt.de\/blog\/wp-json\/wp\/v2\/pages"}],"about":[{"href":"https:\/\/www.keinblatt.de\/blog\/wp-json\/wp\/v2\/types\/page"}],"author":[{"embeddable":true,"href":"https:\/\/www.keinblatt.de\/blog\/wp-json\/wp\/v2\/users\/1"}],"replies":[{"embeddable":true,"href":"https:\/\/www.keinblatt.de\/blog\/wp-json\/wp\/v2\/comments?post=66"}],"version-history":[{"count":0,"href":"https:\/\/www.keinblatt.de\/blog\/wp-json\/wp\/v2\/pages\/66\/revisions"}],"wp:attachment":[{"href":"https:\/\/www.keinblatt.de\/blog\/wp-json\/wp\/v2\/media?parent=66"}],"curies":[{"name":"wp","href":"https:\/\/api.w.org\/{rel}","templated":true}]}}